{"id":201,"date":"2022-04-26T17:33:43","date_gmt":"2022-04-26T17:33:43","guid":{"rendered":"https:\/\/rochgelrefacciones.com\/?page_id=201"},"modified":"2022-04-28T23:58:06","modified_gmt":"2022-04-28T23:58:06","slug":"nosotros","status":"publish","type":"page","link":"https:\/\/rochgelrefacciones.com\/index.php\/nosotros\/","title":{"rendered":"Nosotros"},"content":{"rendered":"\t\t<div data-elementor-type=\"wp-page\" data-elementor-id=\"201\" class=\"elementor elementor-201\" data-elementor-settings=\"[]\">\n\t\t\t\t\t\t\t<div class=\"elementor-section-wrap\">\n\t\t\t\t\t\t\t<section class=\"elementor-section elementor-top-section elementor-element elementor-element-b540823 elementor-section-boxed elementor-section-height-default elementor-section-height-default elementor-invisible\" data-id=\"b540823\" data-element_type=\"section\" data-settings=\"{&quot;animation&quot;:&quot;fadeInLeft&quot;}\">\n\t\t\t\t\t\t<div class=\"elementor-container elementor-column-gap-default\">\n\t\t\t\t\t<div class=\"elementor-column elementor-col-50 elementor-top-column elementor-element elementor-element-70d7983\" data-id=\"70d7983\" data-element_type=\"column\">\n\t\t\t<div class=\"elementor-widget-wrap elementor-element-populated\">\n\t\t\t\t\t\t\t\t<div class=\"elementor-element elementor-element-184301b elementor-widget elementor-widget-image\" data-id=\"184301b\" data-element_type=\"widget\" data-widget_type=\"image.default\">\n\t\t\t\t<div class=\"elementor-widget-container\">\n\t\t\t<style>\/*! elementor - v3.5.5 - 03-02-2022 *\/\n.elementor-widget-image{text-align:center}.elementor-widget-image a{display:inline-block}.elementor-widget-image a img[src$=\".svg\"]{width:48px}.elementor-widget-image img{vertical-align:middle;display:inline-block}<\/style>\t\t\t\t\t\t\t\t\t\t\t\t<img width=\"888\" height=\"550\" src=\"https:\/\/rochgelrefacciones.com\/wp-content\/uploads\/2022\/02\/refacciones.jpg\" class=\"attachment-large size-large\" alt=\"\" loading=\"lazy\" srcset=\"https:\/\/rochgelrefacciones.com\/wp-content\/uploads\/2022\/02\/refacciones.jpg 888w, https:\/\/rochgelrefacciones.com\/wp-content\/uploads\/2022\/02\/refacciones-300x186.jpg 300w, https:\/\/rochgelrefacciones.com\/wp-content\/uploads\/2022\/02\/refacciones-768x476.jpg 768w\" sizes=\"(max-width: 888px) 100vw, 888px\" \/>\t\t\t\t\t\t\t\t\t\t\t\t\t\t\t<\/div>\n\t\t\t\t<\/div>\n\t\t\t\t\t<\/div>\n\t\t<\/div>\n\t\t\t\t<div class=\"elementor-column elementor-col-50 elementor-top-column elementor-element elementor-element-c3908b5\" data-id=\"c3908b5\" data-element_type=\"column\">\n\t\t\t<div class=\"elementor-widget-wrap elementor-element-populated\">\n\t\t\t\t\t\t\t\t<div class=\"elementor-element elementor-element-99c2648 elementor-widget elementor-widget-heading\" data-id=\"99c2648\" data-element_type=\"widget\" data-widget_type=\"heading.default\">\n\t\t\t\t<div class=\"elementor-widget-container\">\n\t\t\t<style>\/*! elementor - v3.5.5 - 03-02-2022 *\/\n.elementor-heading-title{padding:0;margin:0;line-height:1}.elementor-widget-heading .elementor-heading-title[class*=elementor-size-]>a{color:inherit;font-size:inherit;line-height:inherit}.elementor-widget-heading .elementor-heading-title.elementor-size-small{font-size:15px}.elementor-widget-heading .elementor-heading-title.elementor-size-medium{font-size:19px}.elementor-widget-heading .elementor-heading-title.elementor-size-large{font-size:29px}.elementor-widget-heading .elementor-heading-title.elementor-size-xl{font-size:39px}.elementor-widget-heading .elementor-heading-title.elementor-size-xxl{font-size:59px}<\/style><h2 class=\"elementor-heading-title elementor-size-default\">\u00bfQui\u00e9nes somos?<\/h2>\t\t<\/div>\n\t\t\t\t<\/div>\n\t\t\t\t<div class=\"elementor-element elementor-element-4c681c2 elementor-widget elementor-widget-text-editor\" data-id=\"4c681c2\" data-element_type=\"widget\" data-widget_type=\"text-editor.default\">\n\t\t\t\t<div class=\"elementor-widget-container\">\n\t\t\t<style>\/*! elementor - v3.5.5 - 03-02-2022 *\/\n.elementor-widget-text-editor.elementor-drop-cap-view-stacked .elementor-drop-cap{background-color:#818a91;color:#fff}.elementor-widget-text-editor.elementor-drop-cap-view-framed .elementor-drop-cap{color:#818a91;border:3px solid;background-color:transparent}.elementor-widget-text-editor:not(.elementor-drop-cap-view-default) .elementor-drop-cap{margin-top:8px}.elementor-widget-text-editor:not(.elementor-drop-cap-view-default) .elementor-drop-cap-letter{width:1em;height:1em}.elementor-widget-text-editor .elementor-drop-cap{float:left;text-align:center;line-height:1;font-size:50px}.elementor-widget-text-editor .elementor-drop-cap-letter{display:inline-block}<\/style>\t\t\t\t<p>Somos Rochgel especialistas en refacciones automotrices con m\u00e1s de 20 a\u00f1os satisfaciendo las necesidades de nuestros clientes.\u00a0<\/p>\t\t\t\t\t\t<\/div>\n\t\t\t\t<\/div>\n\t\t\t\t\t<\/div>\n\t\t<\/div>\n\t\t\t\t\t\t\t<\/div>\n\t\t<\/section>\n\t\t\t\t<section class=\"elementor-section elementor-top-section elementor-element elementor-element-8131926 elementor-section-boxed elementor-section-height-default elementor-section-height-default elementor-invisible\" data-id=\"8131926\" data-element_type=\"section\" data-settings=\"{&quot;animation&quot;:&quot;fadeInRight&quot;}\">\n\t\t\t\t\t\t<div class=\"elementor-container elementor-column-gap-default\">\n\t\t\t\t\t<div class=\"elementor-column elementor-col-50 elementor-top-column elementor-element elementor-element-d5968c5\" data-id=\"d5968c5\" data-element_type=\"column\">\n\t\t\t<div class=\"elementor-widget-wrap elementor-element-populated\">\n\t\t\t\t\t\t\t\t<div class=\"elementor-element elementor-element-d2318d0 elementor-widget elementor-widget-heading\" data-id=\"d2318d0\" data-element_type=\"widget\" data-widget_type=\"heading.default\">\n\t\t\t\t<div class=\"elementor-widget-container\">\n\t\t\t<h2 class=\"elementor-heading-title elementor-size-default\">Misi\u00f3n<\/h2>\t\t<\/div>\n\t\t\t\t<\/div>\n\t\t\t\t<div class=\"elementor-element elementor-element-a484514 elementor-widget elementor-widget-text-editor\" data-id=\"a484514\" data-element_type=\"widget\" data-widget_type=\"text-editor.default\">\n\t\t\t\t<div class=\"elementor-widget-container\">\n\t\t\t\t\t\t\t<p>Crear una comuni\u00f3n con nuestros clientes de tal manera que sus necesidades en refacciones sean nuestras tambi\u00e9n y as\u00ed darle una atenci\u00f3n y servicio profesional y personalizado desde que se establece conexi\u00f3n hasta que se hace la entrega final del producto.<\/p>\t\t\t\t\t\t<\/div>\n\t\t\t\t<\/div>\n\t\t\t\t\t<\/div>\n\t\t<\/div>\n\t\t\t\t<div class=\"elementor-column elementor-col-50 elementor-top-column elementor-element elementor-element-b830c99\" data-id=\"b830c99\" data-element_type=\"column\">\n\t\t\t<div class=\"elementor-widget-wrap elementor-element-populated\">\n\t\t\t\t\t\t\t\t<div class=\"elementor-element elementor-element-9ce7190 elementor-widget elementor-widget-image\" data-id=\"9ce7190\" data-element_type=\"widget\" data-widget_type=\"image.default\">\n\t\t\t\t<div class=\"elementor-widget-container\">\n\t\t\t\t\t\t\t\t\t\t\t\t\t\t\t<img width=\"900\" height=\"598\" src=\"https:\/\/rochgelrefacciones.com\/wp-content\/uploads\/2022\/02\/ref-3.jpg\" class=\"attachment-large size-large\" alt=\"\" loading=\"lazy\" srcset=\"https:\/\/rochgelrefacciones.com\/wp-content\/uploads\/2022\/02\/ref-3.jpg 900w, https:\/\/rochgelrefacciones.com\/wp-content\/uploads\/2022\/02\/ref-3-300x199.jpg 300w, https:\/\/rochgelrefacciones.com\/wp-content\/uploads\/2022\/02\/ref-3-768x510.jpg 768w\" sizes=\"(max-width: 900px) 100vw, 900px\" \/>\t\t\t\t\t\t\t\t\t\t\t\t\t\t\t<\/div>\n\t\t\t\t<\/div>\n\t\t\t\t\t<\/div>\n\t\t<\/div>\n\t\t\t\t\t\t\t<\/div>\n\t\t<\/section>\n\t\t\t\t<section class=\"elementor-section elementor-top-section elementor-element elementor-element-8ad0948 elementor-section-boxed elementor-section-height-default elementor-section-height-default elementor-invisible\" data-id=\"8ad0948\" data-element_type=\"section\" data-settings=\"{&quot;animation&quot;:&quot;fadeInLeft&quot;}\">\n\t\t\t\t\t\t<div class=\"elementor-container elementor-column-gap-default\">\n\t\t\t\t\t<div class=\"elementor-column elementor-col-50 elementor-top-column elementor-element elementor-element-0cddcf2\" data-id=\"0cddcf2\" data-element_type=\"column\">\n\t\t\t<div class=\"elementor-widget-wrap elementor-element-populated\">\n\t\t\t\t\t\t\t\t<div class=\"elementor-element elementor-element-d6f2aaa elementor-widget elementor-widget-image\" data-id=\"d6f2aaa\" data-element_type=\"widget\" data-widget_type=\"image.default\">\n\t\t\t\t<div class=\"elementor-widget-container\">\n\t\t\t\t\t\t\t\t\t\t\t\t\t\t\t<img width=\"1024\" height=\"480\" src=\"https:\/\/rochgelrefacciones.com\/wp-content\/uploads\/2022\/02\/ref-2-1024x480.jpg\" class=\"attachment-large size-large\" alt=\"\" loading=\"lazy\" srcset=\"https:\/\/rochgelrefacciones.com\/wp-content\/uploads\/2022\/02\/ref-2-1024x480.jpg 1024w, https:\/\/rochgelrefacciones.com\/wp-content\/uploads\/2022\/02\/ref-2-300x141.jpg 300w, https:\/\/rochgelrefacciones.com\/wp-content\/uploads\/2022\/02\/ref-2-768x360.jpg 768w, https:\/\/rochgelrefacciones.com\/wp-content\/uploads\/2022\/02\/ref-2-1536x720.jpg 1536w, https:\/\/rochgelrefacciones.com\/wp-content\/uploads\/2022\/02\/ref-2.jpg 1920w\" sizes=\"(max-width: 1024px) 100vw, 1024px\" \/>\t\t\t\t\t\t\t\t\t\t\t\t\t\t\t<\/div>\n\t\t\t\t<\/div>\n\t\t\t\t\t<\/div>\n\t\t<\/div>\n\t\t\t\t<div class=\"elementor-column elementor-col-50 elementor-top-column elementor-element elementor-element-82296cb\" data-id=\"82296cb\" data-element_type=\"column\">\n\t\t\t<div class=\"elementor-widget-wrap elementor-element-populated\">\n\t\t\t\t\t\t\t\t<div class=\"elementor-element elementor-element-2d7500f elementor-widget elementor-widget-heading\" data-id=\"2d7500f\" data-element_type=\"widget\" data-widget_type=\"heading.default\">\n\t\t\t\t<div class=\"elementor-widget-container\">\n\t\t\t<h2 class=\"elementor-heading-title elementor-size-default\">Visi\u00f3n<\/h2>\t\t<\/div>\n\t\t\t\t<\/div>\n\t\t\t\t<div class=\"elementor-element elementor-element-cf4e6ac elementor-widget elementor-widget-text-editor\" data-id=\"cf4e6ac\" data-element_type=\"widget\" data-widget_type=\"text-editor.default\">\n\t\t\t\t<div class=\"elementor-widget-container\">\n\t\t\t\t\t\t\t<p>Llegar m\u00e1s all\u00e1 de lo que nuestras sucursales nos lo permiten a traves de este sitio web y nuestras redes sociales a aquellos clientes que a\u00fan no nos conocen, y puedan tener m\u00e1s tranquilidad y seguridad en nosotros para sus posibles adquisiciones en refacciones automotrices.<\/p>\t\t\t\t\t\t<\/div>\n\t\t\t\t<\/div>\n\t\t\t\t\t<\/div>\n\t\t<\/div>\n\t\t\t\t\t\t\t<\/div>\n\t\t<\/section>\n\t\t\t\t\t\t<\/div>\n\t\t\t\t\t<\/div>\n\t\t","protected":false},"excerpt":{"rendered":"<p>\u00bfQui\u00e9nes somos? Somos Rochgel especialistas en refacciones automotrices con m\u00e1s de 20 a\u00f1os satisfaciendo las necesidades de nuestros clientes.\u00a0 Misi\u00f3n Crear una comuni\u00f3n con nuestros clientes de tal manera que sus necesidades en refacciones sean nuestras tambi\u00e9n y as\u00ed darle una atenci\u00f3n y servicio profesional y personalizado desde que se establece conexi\u00f3n hasta que se &hellip;<\/p>\n<p class=\"read-more\"> <a class=\"\" href=\"https:\/\/rochgelrefacciones.com\/index.php\/nosotros\/\"> <span class=\"screen-reader-text\">Nosotros<\/span> Leer m\u00e1s &raquo;<\/a><\/p>\n","protected":false},"author":1,"featured_media":0,"parent":0,"menu_order":0,"comment_status":"closed","ping_status":"closed","template":"","meta":{"site-sidebar-layout":"no-sidebar","site-content-layout":"page-builder","ast-main-header-display":"","ast-hfb-above-header-display":"","ast-hfb-below-header-display":"","ast-hfb-mobile-header-display":"","site-post-title":"disabled","ast-breadcrumbs-content":"","ast-featured-img":"disabled","footer-sml-layout":"","theme-transparent-header-meta":"","adv-header-id-meta":"","stick-header-meta":"","header-above-stick-meta":"","header-main-stick-meta":"","header-below-stick-meta":""},"_links":{"self":[{"href":"https:\/\/rochgelrefacciones.com\/index.php\/wp-json\/wp\/v2\/pages\/201"}],"collection":[{"href":"https:\/\/rochgelrefacciones.com\/index.php\/wp-json\/wp\/v2\/pages"}],"about":[{"href":"https:\/\/rochgelrefacciones.com\/index.php\/wp-json\/wp\/v2\/types\/page"}],"author":[{"embeddable":true,"href":"https:\/\/rochgelrefacciones.com\/index.php\/wp-json\/wp\/v2\/users\/1"}],"replies":[{"embeddable":true,"href":"https:\/\/rochgelrefacciones.com\/index.php\/wp-json\/wp\/v2\/comments?post=201"}],"version-history":[{"count":19,"href":"https:\/\/rochgelrefacciones.com\/index.php\/wp-json\/wp\/v2\/pages\/201\/revisions"}],"predecessor-version":[{"id":285,"href":"https:\/\/rochgelrefacciones.com\/index.php\/wp-json\/wp\/v2\/pages\/201\/revisions\/285"}],"wp:attachment":[{"href":"https:\/\/rochgelrefacciones.com\/index.php\/wp-json\/wp\/v2\/media?parent=201"}],"curies":[{"name":"wp","href":"https:\/\/api.w.org\/{rel}","templated":true}]}}